{"id":13416,"date":"2023-07-27T16:52:26","date_gmt":"2023-07-27T14:52:26","guid":{"rendered":"https:\/\/justfuturealliance.org\/?page_id=13416"},"modified":"2023-10-24T15:34:33","modified_gmt":"2023-10-24T13:34:33","slug":"research","status":"publish","type":"page","link":"https:\/\/justfuturealliance.org\/en\/research\/","title":{"rendered":"Research"},"content":{"rendered":"\n<p class=\"has-large-font-size wp-block-paragraph\"><em><strong>Research, reports and publications by Just Future Alliance Members and Partners <\/strong><\/em><\/p>\n\n\n\t<div\n\t\tclass=\"wp-block-newspack-blocks-homepage-articles  wpnbha show-image image-aligntop ts-4 is-3 is-landscape show-category  has-text-align-left\"\n\t\tstyle=\"\"\n\t\t>\n\t\t\t\t\t<style id=\"newspack-blocks-inline-css\" type=\"text\/css\">\t\t.wp-block-newspack-blocks-homepage-articles article .entry-title {\n\t\t\tfont-size: 1.2em;\n\t\t}\n\t\t.wp-block-newspack-blocks-homepage-articles .entry-meta {\n\t\t\tdisplay: flex;\n\t\t\tflex-wrap: wrap;\n\t\t\talign-items: center;\n\t\t\tmargin-top: 0.5em;\n\t\t}\n\t\t.wp-block-newspack-blocks-homepage-articles article .entry-meta {\n\t\t\tfont-size: 0.8em;\n\t\t}\n\t\t.wp-block-newspack-blocks-homepage-articles article .avatar {\n\t\t\theight: 25px;\n\t\t\twidth: 25px;\n\t\t}\n\t\t.wp-block-newspack-blocks-homepage-articles .post-thumbnail{\n\t\t\tmargin: 0;\n\t\t\tmargin-bottom: 0.25em;\n\t\t}\n\t\t.wp-block-newspack-blocks-homepage-articles .post-thumbnail img {\n\t\t\theight: auto;\n\t\t\twidth: 100%;\n\t\t}\n\t\t.wp-block-newspack-blocks-homepage-articles .post-thumbnail figcaption {\n\t\t\tmargin-bottom: 0.5em;\n\t\t}\n\t\t.wp-block-newspack-blocks-homepage-articles p {\n\t\t\tmargin: 0.5em 0;\n\t\t}\n\n\t\t\t<\/style>\n\t\t\t\t<div data-posts data-current-post-id=\"13416\">\n\t\t\t\t\t\t\n\t<article data-post-id=\"14970\"\n\t\tclass=\"category-research type-post\"\n\t\t\t\t>\n\t\t\t\t\n\t\t<div class=\"entry-wrapper\">\n\t\t\t\n\t\t\t\t<div class=\"cat-links \">\n\t\t\t\t\t<a href=\"https:\/\/justfuturealliance.org\/en\/category\/research\/\">Research<\/a>\t\t\t\t<\/div>\n\t\t\t\t<h2 class=\"entry-title\"><a href=\"https:\/\/justfuturealliance.org\/en\/2025\/10\/20\/assn-observatories\/\" rel=\"bookmark\">ASSN Observatories<\/a><\/h2>\t\t\t\t\t\t<p>Within the framework of the Just Future Alliance, the Observatory for Security Sector Governance (OGS), in collaboration with the African Security Sector Network (ASSN), have initiated a citizen monitoring process of the security situation in Niger.\u00a0 This page gathers all the reports produced during the five years of the programme.<\/p>\n<a href=\"https:\/\/justfuturealliance.org\/en\/2025\/10\/20\/assn-observatories\/\" class=\"more-link\">Read more<span class=\"screen-reader-text\"> about &#8220;ASSN Observatories&#8221;<\/span> <span class=\"meta-nav\">\u2192<\/span><\/a>\t\t\t\t<div class=\"entry-meta\">\n\t\t\t\t\t<a href=\"https:\/\/justfuturealliance.org\/en\/author\/justfutureadmin\/\"><img alt='' src='https:\/\/secure.gravatar.com\/avatar\/489067b061ba9152582f4a579e0fdd6cdc99f41508b7f78aa5eb0eb72bee0fa9?s=48&#038;d=identicon&#038;r=g' srcset='https:\/\/secure.gravatar.com\/avatar\/489067b061ba9152582f4a579e0fdd6cdc99f41508b7f78aa5eb0eb72bee0fa9?s=96&#038;d=identicon&#038;r=g 2x' class='avatar avatar-48 photo' height='48' width='48' \/><\/a>\t\t\t\t\t\t<span class=\"byline\">\n\t\t\t\t\t\t\t<span class=\"author-prefix\">by<\/span> <span class=\"author vcard\"><a class=\"url fn n\" href=\"https:\/\/justfuturealliance.org\/en\/author\/justfutureadmin\/\">justfutureadmin<\/a><\/span>\t\t\t\t\t\t<\/span><!-- .author-name -->\n\t\t\t\t\t\t<time class=\"entry-date published\" datetime=\"2025-10-20T11:38:12+02:00\">October 20, 2025<\/time><time class=\"updated\" datetime=\"2025-10-20T11:38:15+02:00\">October 20, 2025<\/time>\t\t\t\t<\/div><!-- .entry-meta -->\n\t\t\t\t\t<\/div><!-- .entry-wrapper -->\n\t<\/article>\n\n\t\t\n\t<article data-post-id=\"14689\"\n\t\tclass=\"category-news category-research type-post\"\n\t\t\t\t>\n\t\t\t\t\n\t\t<div class=\"entry-wrapper\">\n\t\t\t\n\t\t\t\t<div class=\"cat-links \">\n\t\t\t\t\t<a href=\"https:\/\/justfuturealliance.org\/en\/category\/news\/\">News<\/a>\t\t\t\t<\/div>\n\t\t\t\t<h2 class=\"entry-title\"><a href=\"https:\/\/justfuturealliance.org\/en\/2025\/04\/15\/perceptions-relatives-a-la-securite-dans-les-regions-de-bandiagara-gao-mopti-et-tombouktou-au-mali-q6\/\" rel=\"bookmark\">Perceptions r\u00e9latives \u00e0 la s\u00e9curit\u00e9 dans les r\u00e9gions de Bandiagara, Gao, Mopti et Tombouktou au Mali (Q6).<\/a><\/h2>\t\t\t\t\t\t<p>Dans le cadre du programme \u00ab Just Future \u00bb, financ\u00e9 par Cordaid, le SIPRI et son partenaire POINT SUD m\u00e8nent r\u00e9guli\u00e8rement des enqu\u00eates de perception aupr\u00e8s d&#8217;un \u00e9chantillon repr\u00e9sentatif de 544 personnes dans 16 communes des r\u00e9gions de Bandiagara, Gao, Mopti et Tombouctou au Mali.<\/p>\n<a href=\"https:\/\/justfuturealliance.org\/en\/2025\/04\/15\/perceptions-relatives-a-la-securite-dans-les-regions-de-bandiagara-gao-mopti-et-tombouktou-au-mali-q6\/\" class=\"more-link\">Read more<span class=\"screen-reader-text\"> about &#8220;Perceptions r\u00e9latives \u00e0 la s\u00e9curit\u00e9 dans les r\u00e9gions de Bandiagara, Gao, Mopti et Tombouktou au Mali (Q6).&#8221;<\/span> <span class=\"meta-nav\">\u2192<\/span><\/a>\t\t\t\t<div class=\"entry-meta\">\n\t\t\t\t\t<a href=\"https:\/\/justfuturealliance.org\/en\/author\/justfutureadmin\/\"><img alt='' src='https:\/\/secure.gravatar.com\/avatar\/489067b061ba9152582f4a579e0fdd6cdc99f41508b7f78aa5eb0eb72bee0fa9?s=48&#038;d=identicon&#038;r=g' srcset='https:\/\/secure.gravatar.com\/avatar\/489067b061ba9152582f4a579e0fdd6cdc99f41508b7f78aa5eb0eb72bee0fa9?s=96&#038;d=identicon&#038;r=g 2x' class='avatar avatar-48 photo' height='48' width='48' \/><\/a>\t\t\t\t\t\t<span class=\"byline\">\n\t\t\t\t\t\t\t<span class=\"author-prefix\">by<\/span> <span class=\"author vcard\"><a class=\"url fn n\" href=\"https:\/\/justfuturealliance.org\/en\/author\/justfutureadmin\/\">justfutureadmin<\/a><\/span>\t\t\t\t\t\t<\/span><!-- .author-name -->\n\t\t\t\t\t\t<time class=\"entry-date published\" datetime=\"2025-04-15T10:49:36+02:00\">April 15, 2025<\/time><time class=\"updated\" datetime=\"2025-07-17T11:22:36+02:00\">July 17, 2025<\/time>\t\t\t\t<\/div><!-- .entry-meta -->\n\t\t\t\t\t<\/div><!-- .entry-wrapper -->\n\t<\/article>\n\n\t\t\n\t<article data-post-id=\"14337\"\n\t\tclass=\"category-news category-research type-post\"\n\t\t\t\t>\n\t\t\t\t\n\t\t<div class=\"entry-wrapper\">\n\t\t\t\n\t\t\t\t<div class=\"cat-links \">\n\t\t\t\t\t<a href=\"https:\/\/justfuturealliance.org\/en\/category\/news\/\">News<\/a>\t\t\t\t<\/div>\n\t\t\t\t<h2 class=\"entry-title\"><a href=\"https:\/\/justfuturealliance.org\/en\/2024\/10\/16\/military-entrenchment-in-mali-and-niger-praetorianism-in-retrospect\/\" rel=\"bookmark\">Military Entrenchment in Mali and Niger: Praetorianism in Retrospect<\/a><\/h2>\t\t\t\t\t\t<p>Dr Virginie Baudais, October 2024, Stockholm Since 2021, SIPRI has been conducting perception surveys in Mali and Niger within the framework of the Just Future programme, funded by CORDAID. Both countries have experienced coups d\u2019\u00e9tat and the conditions for the work have changed radically, particularly in terms of access to fieldwork and information. Although the\u2026<\/p>\n<a href=\"https:\/\/justfuturealliance.org\/en\/2024\/10\/16\/military-entrenchment-in-mali-and-niger-praetorianism-in-retrospect\/\" class=\"more-link\">Read more<span class=\"screen-reader-text\"> about &#8220;Military Entrenchment in Mali and Niger: Praetorianism in Retrospect&#8221;<\/span> <span class=\"meta-nav\">\u2192<\/span><\/a>\t\t\t\t<div class=\"entry-meta\">\n\t\t\t\t\t<a href=\"https:\/\/justfuturealliance.org\/en\/author\/charisapostolopoulou\/\"><img alt='' src='https:\/\/secure.gravatar.com\/avatar\/ad2aad382c37c19dc1138281037b890629dded46f21c012e699477d55301b838?s=48&#038;d=identicon&#038;r=g' srcset='https:\/\/secure.gravatar.com\/avatar\/ad2aad382c37c19dc1138281037b890629dded46f21c012e699477d55301b838?s=96&#038;d=identicon&#038;r=g 2x' class='avatar avatar-48 photo' height='48' width='48' \/><\/a>\t\t\t\t\t\t<span class=\"byline\">\n\t\t\t\t\t\t\t<span class=\"author-prefix\">by<\/span> <span class=\"author vcard\"><a class=\"url fn n\" href=\"https:\/\/justfuturealliance.org\/en\/author\/charisapostolopoulou\/\">charisapostolopoulou<\/a><\/span>\t\t\t\t\t\t<\/span><!-- .author-name -->\n\t\t\t\t\t\t<time class=\"entry-date published\" datetime=\"2024-10-16T15:07:28+02:00\">October 16, 2024<\/time><time class=\"updated\" datetime=\"2024-10-16T15:07:31+02:00\">October 16, 2024<\/time>\t\t\t\t<\/div><!-- .entry-meta -->\n\t\t\t\t\t<\/div><!-- .entry-wrapper -->\n\t<\/article>\n\n\t\t\t\t<\/div>\n\t\t\n\t<\/div>\n\t","protected":false},"excerpt":{"rendered":"<p>Research, reports and publications by Just Future Alliance Members and Partners<\/p>\n<a href=\"https:\/\/justfuturealliance.org\/en\/research\/\" class=\"more-link\">Read more<span class=\"screen-reader-text\"> about \"Research\"<\/span> <span class=\"meta-nav\">\u2192<\/span><\/a>","protected":false},"author":200151942,"featured_media":11994,"parent":0,"menu_order":0,"comment_status":"closed","ping_status":"closed","template":"","meta":{"give_campaign_id":0,"_coblocks_attr":"","_coblocks_dimensions":"","_coblocks_responsive_height":"","_coblocks_accordion_ie_support":"","_crdt_document":"","advanced_seo_description":"","jetpack_seo_html_title":"","jetpack_seo_noindex":false,"footnotes":""},"class_list":["post-13416","page","type-page","status-publish","has-post-thumbnail","hentry"],"campaignId":"","jetpack_likes_enabled":true,"jetpack_sharing_enabled":true,"jetpack_shortlink":"https:\/\/wp.me\/PcJOKE-3uo","amp_enabled":true,"_links":{"self":[{"href":"https:\/\/justfuturealliance.org\/en\/wp-json\/wp\/v2\/pages\/13416","targetHints":{"allow":["GET"]}}],"collection":[{"href":"https:\/\/justfuturealliance.org\/en\/wp-json\/wp\/v2\/pages"}],"about":[{"href":"https:\/\/justfuturealliance.org\/en\/wp-json\/wp\/v2\/types\/page"}],"author":[{"embeddable":true,"href":"https:\/\/justfuturealliance.org\/en\/wp-json\/wp\/v2\/users\/200151942"}],"replies":[{"embeddable":true,"href":"https:\/\/justfuturealliance.org\/en\/wp-json\/wp\/v2\/comments?post=13416"}],"version-history":[{"count":4,"href":"https:\/\/justfuturealliance.org\/en\/wp-json\/wp\/v2\/pages\/13416\/revisions"}],"predecessor-version":[{"id":13701,"href":"https:\/\/justfuturealliance.org\/en\/wp-json\/wp\/v2\/pages\/13416\/revisions\/13701"}],"wp:featuredmedia":[{"embeddable":true,"href":"https:\/\/justfuturealliance.org\/en\/wp-json\/wp\/v2\/media\/11994"}],"wp:attachment":[{"href":"https:\/\/justfuturealliance.org\/en\/wp-json\/wp\/v2\/media?parent=13416"}],"curies":[{"name":"wp","href":"https:\/\/api.w.org\/{rel}","templated":true}]}}